{"id":876,"date":"2020-04-19T13:12:06","date_gmt":"2020-04-19T13:12:06","guid":{"rendered":"http:\/\/localhost\/logonit\/?page_id=876"},"modified":"2020-09-09T11:25:39","modified_gmt":"2020-09-09T11:25:39","slug":"empresa","status":"publish","type":"page","link":"https:\/\/iberoriente.pt\/en\/empresa\/","title":{"rendered":"Company"},"content":{"rendered":"<div data-elementor-type=\"wp-page\" data-elementor-id=\"876\" class=\"elementor elementor-876\" data-elementor-settings=\"[]\">\n\t\t\t\t\t\t<div class=\"elementor-inner\">\n\t\t\t\t\t\t\t<div class=\"elementor-section-wrap\">\n\t\t\t\t\t\t\t<section class=\"elementor-section elementor-top-section elementor-element elementor-element-9e0d2d3 elementor-section-boxed elementor-section-height-default elementor-section-height-default\" data-id=\"9e0d2d3\" data-element_type=\"section\">\n\t\t\t\t\t\t<div class=\"elementor-container elementor-column-gap-default\">\n\t\t\t\t\t\t\t<div class=\"elementor-row\">\n\t\t\t\t\t<div class=\"elementor-column elementor-col-100 elementor-top-column elementor-element elementor-element-02a2099\" data-id=\"02a2099\" data-element_type=\"column\">\n\t\t\t<div class=\"elementor-column-wrap elementor-element-populated\">\n\t\t\t\t\t\t\t<div class=\"elementor-widget-wrap\">\n\t\t\t\t\t\t<section class=\"elementor-section elementor-inner-section elementor-element elementor-element-52bf4b0 elementor-section-boxed elementor-section-height-default elementor-section-height-default\" data-id=\"52bf4b0\" data-element_type=\"section\">\n\t\t\t\t\t\t<div class=\"elementor-container elementor-column-gap-default\">\n\t\t\t\t\t\t\t<div class=\"elementor-row\">\n\t\t\t\t\t<div class=\"elementor-column elementor-col-100 elementor-inner-column elementor-element elementor-element-ffaa874\" data-id=\"ffaa874\" data-element_type=\"column\">\n\t\t\t<div class=\"elementor-column-wrap elementor-element-populated\">\n\t\t\t\t\t\t\t<div class=\"elementor-widget-wrap\">\n\t\t\t\t\t\t<div class=\"elementor-element elementor-element-27657a3 elementor-invisible elementor-widget elementor-widget-witr_section_t_widget\" data-id=\"27657a3\" data-element_type=\"widget\" data-settings=\"{&quot;_animation&quot;:&quot;fadeIn&quot;}\" data-widget_type=\"witr_section_t_widget.default\">\n\t\t\t\t<div class=\"elementor-widget-container\">\n\t\t\t\t\t\t\t\t<!-- text widget center -->\n\t\t\t\t\t<div class=\"witr_text_widget\">\n\t\t\t\t\t\t<div class=\"witr_text_widget_inner\">\n\t\t\t\t\t\t\t<!-- text widget top -->\n\t\t\t\t\t\t\t\t\t\t\t\t\t\n\t\t\t\t\t\t\t<!-- text widget middle -->\n\t\t\t\t\t\t\t\t\t\t\t\t\t\t\t<h2>Who we are<\/h2>\t\t\n\t\t\t\t\t\t\t\t\t\t\t\t\t\t<!-- text widget bottom -->\n\t\t\t\t\t\t\t\t\t\t\t\t\t\n\t\t\t\t\t\t\t\n\t\t\t\t\t\t\t<!-- content -->\n\t\t\t\t\t\t\t\t\t\t\t\t\t\t\t<p><p>Founded in 2001, Iberoriente Ltd. is a distribution company of high quality products - personal care and household food, among others - which operates in the Portuguese and Angolan Market.<\/p><p>The company consists of family members and is in the trade sector for over 21 years in Portugal. The company's success stems from the combined expertise of different members, together constituting a high level of experience in providing services to clients.<\/p><p>Headquartered in Cac\u00e9m, we have a warehouse of 1000 m2, from which we distributed to various local customers, which assure the best service, always offering them the best market prices and always with the best quality. Therefore our slogan stands for - Quality assured.<\/p><\/p>\t\t\n\t\t\t\t\t\t\t\t\t\t\t\t\t\t\n\t\t\t\t\t\t\t<!--- repeater content --->\n\t\t\t\t\t\t\t\n\t\t\t\t\t\t\t\t\t\t\t\t\t\t\n\t\t\t\t\t\t<\/div>\n\t\t\t\t\t<\/div>\n\n\t\t\t\t\t\t<\/div>\n\t\t\t\t<\/div>\n\t\t\t\t\t\t<\/div>\n\t\t\t\t\t<\/div>\n\t\t<\/div>\n\t\t\t\t\t\t\t\t<\/div>\n\t\t\t\t\t<\/div>\n\t\t<\/section>\n\t\t\t\t\t\t<\/div>\n\t\t\t\t\t<\/div>\n\t\t<\/div>\n\t\t\t\t\t\t\t\t<\/div>\n\t\t\t\t\t<\/div>\n\t\t<\/section>\n\t\t\t\t<section class=\"elementor-section elementor-top-section elementor-element elementor-element-3735eb1 elementor-section-boxed elementor-section-height-default elementor-section-height-default\" data-id=\"3735eb1\" data-element_type=\"section\" data-settings=\"{&quot;background_background&quot;:&quot;classic&quot;}\">\n\t\t\t\t\t\t<div class=\"elementor-container elementor-column-gap-default\">\n\t\t\t\t\t\t\t<div class=\"elementor-row\">\n\t\t\t\t\t<div class=\"elementor-column elementor-col-25 elementor-top-column elementor-element elementor-element-cfc1e2e\" data-id=\"cfc1e2e\" data-element_type=\"column\">\n\t\t\t<div class=\"elementor-column-wrap elementor-element-populated\">\n\t\t\t\t\t\t\t<div class=\"elementor-widget-wrap\">\n\t\t\t\t\t\t<div class=\"elementor-element elementor-element-fa5ec06 elementor-widget elementor-widget-witr_section_counter\" data-id=\"fa5ec06\" data-element_type=\"widget\" data-widget_type=\"witr_section_counter.default\">\n\t\t\t\t<div class=\"elementor-widget-container\">\n\t\t\t\t\t\t<div class=\"witr_counter_single single_counter_inner all_counter_color\">\n\t\t\t\t\t\t\t\t<!-- custom icon -->\n\t\t\t\t\t\t\t\t\t<div class=\"witr_custom_icon\">\n\t\t\t\t\t\t\t\n\t\t\t\t\t\t\t<i class=\"aprova-talk\"><\/i>\n\t\t\t\t\t\t\t\t\t\t\t<\/div>\t\n\t\t\t\t\t\t\t\t<div class=\"witr_counter_number\">\n\t\t\t\t\t<div class=\"witr_counter_number_inn\">\n\t\t\t\t\t\t<!-- number -->\n\t\t\t\t\t\t\t\t\t\t\t\t\t<h3 class=\"counter\">5 <\/h3>\t\t\n\t\t\t\t\t\t\t\t\t\t\t\t<!-- symbol -->\n\t\t\t\t\t\t\t\t\t\t\t\t\t<span>K<\/span>\n\t\t\t\t\t\t\t\t\t\t\t\t\n\t\t\t\t\t\t<!-- content -->\n\t\t\t\t\t\t\t\t\t\t\t\t\t<h4>Satisfied Customers <\/h4>\t\t\n\t\t\t\t\t\t\t\t\t\t\t\n\t\t\t\t\t<\/div>\n\t\t\t\t<\/div>\n\t\t\t\t\n\t\t\t<\/div> <!-- counter part -->\t\t\n\t\t\n\t\t\t\t<\/div>\n\t\t\t\t<\/div>\n\t\t\t\t\t\t<\/div>\n\t\t\t\t\t<\/div>\n\t\t<\/div>\n\t\t\t\t<div class=\"elementor-column elementor-col-25 elementor-top-column elementor-element elementor-element-7fdbf10\" data-id=\"7fdbf10\" data-element_type=\"column\">\n\t\t\t<div class=\"elementor-column-wrap elementor-element-populated\">\n\t\t\t\t\t\t\t<div class=\"elementor-widget-wrap\">\n\t\t\t\t\t\t<div class=\"elementor-element elementor-element-b0ff919 elementor-widget elementor-widget-witr_section_counter\" data-id=\"b0ff919\" data-element_type=\"widget\" data-widget_type=\"witr_section_counter.default\">\n\t\t\t\t<div class=\"elementor-widget-container\">\n\t\t\t\t\t\t<div class=\"witr_counter_single single_counter_inner all_counter_color\">\n\t\t\t\t\t\t\t\t<!-- custom icon -->\n\t\t\t\t\t\t\t\t\t<div class=\"witr_custom_icon\">\n\t\t\t\t\t\t\t\n\t\t\t\t\t\t\t<i class=\"aprova-startup1\"><\/i>\n\t\t\t\t\t\t\t\t\t\t\t<\/div>\t\n\t\t\t\t\t\t\t\t<div class=\"witr_counter_number\">\n\t\t\t\t\t<div class=\"witr_counter_number_inn\">\n\t\t\t\t\t\t<!-- number -->\n\t\t\t\t\t\t\t\t\t\t\t\t\t<h3 class=\"counter\">769 <\/h3>\t\t\n\t\t\t\t\t\t\t\t\t\t\t\t<!-- symbol -->\n\t\t\t\t\t\t\t\t\t\t\t\t\t<span>+<\/span>\n\t\t\t\t\t\t\t\t\t\t\t\t\n\t\t\t\t\t\t<!-- content -->\n\t\t\t\t\t\t\t\t\t\t\t\t\t<h4>Projects Delivered <\/h4>\t\t\n\t\t\t\t\t\t\t\t\t\t\t\n\t\t\t\t\t<\/div>\n\t\t\t\t<\/div>\n\t\t\t\t\n\t\t\t<\/div> <!-- counter part -->\t\t\n\t\t\n\t\t\t\t<\/div>\n\t\t\t\t<\/div>\n\t\t\t\t\t\t<\/div>\n\t\t\t\t\t<\/div>\n\t\t<\/div>\n\t\t\t\t<div class=\"elementor-column elementor-col-25 elementor-top-column elementor-element elementor-element-5530fdc\" data-id=\"5530fdc\" data-element_type=\"column\">\n\t\t\t<div class=\"elementor-column-wrap elementor-element-populated\">\n\t\t\t\t\t\t\t<div class=\"elementor-widget-wrap\">\n\t\t\t\t\t\t<div class=\"elementor-element elementor-element-8c21b24 elementor-widget elementor-widget-witr_section_counter\" data-id=\"8c21b24\" data-element_type=\"widget\" data-widget_type=\"witr_section_counter.default\">\n\t\t\t\t<div class=\"elementor-widget-container\">\n\t\t\t\t\t\t<div class=\"witr_counter_single single_counter_inner all_counter_color\">\n\t\t\t\t\t\t\t\t<!-- custom icon -->\n\t\t\t\t\t\t\t\t\t<div class=\"witr_custom_icon\">\n\t\t\t\t\t\t\t\n\t\t\t\t\t\t\t<i class=\"aprova-avatar\"><\/i>\n\t\t\t\t\t\t\t\t\t\t\t<\/div>\t\n\t\t\t\t\t\t\t\t<div class=\"witr_counter_number\">\n\t\t\t\t\t<div class=\"witr_counter_number_inn\">\n\t\t\t\t\t\t<!-- number -->\n\t\t\t\t\t\t\t\t\t\t\t\t\t<h3 class=\"counter\">85 <\/h3>\t\t\n\t\t\t\t\t\t\t\t\t\t\t\t<!-- symbol -->\n\t\t\t\t\t\t\t\t\t\t\t\t\t<span>+<\/span>\n\t\t\t\t\t\t\t\t\t\t\t\t\n\t\t\t\t\t\t<!-- content -->\n\t\t\t\t\t\t\t\t\t\t\t\t\t<h4>Business Partners <\/h4>\t\t\n\t\t\t\t\t\t\t\t\t\t\t\n\t\t\t\t\t<\/div>\n\t\t\t\t<\/div>\n\t\t\t\t\n\t\t\t<\/div> <!-- counter part -->\t\t\n\t\t\n\t\t\t\t<\/div>\n\t\t\t\t<\/div>\n\t\t\t\t\t\t<\/div>\n\t\t\t\t\t<\/div>\n\t\t<\/div>\n\t\t\t\t<div class=\"elementor-column elementor-col-25 elementor-top-column elementor-element elementor-element-fe959da\" data-id=\"fe959da\" data-element_type=\"column\">\n\t\t\t<div class=\"elementor-column-wrap elementor-element-populated\">\n\t\t\t\t\t\t\t<div class=\"elementor-widget-wrap\">\n\t\t\t\t\t\t<div class=\"elementor-element elementor-element-fd1c85f elementor-widget elementor-widget-witr_section_counter\" data-id=\"fd1c85f\" data-element_type=\"widget\" data-widget_type=\"witr_section_counter.default\">\n\t\t\t\t<div class=\"elementor-widget-container\">\n\t\t\t\t\t\t<div class=\"witr_counter_single single_counter_inner all_counter_color\">\n\t\t\t\t\t\t\t\t<!-- custom icon -->\n\t\t\t\t\t\t\t\t\t<div class=\"witr_custom_icon\">\n\t\t\t\t\t\t\t\n\t\t\t\t\t\t\t<i class=\"aprova-award\"><\/i>\n\t\t\t\t\t\t\t\t\t\t\t<\/div>\t\n\t\t\t\t\t\t\t\t<div class=\"witr_counter_number\">\n\t\t\t\t\t<div class=\"witr_counter_number_inn\">\n\t\t\t\t\t\t<!-- number -->\n\t\t\t\t\t\t\t\t\t\t\t\t\t<h3 class=\"counter\">5 <\/h3>\t\t\n\t\t\t\t\t\t\t\t\t\t\t\t<!-- symbol -->\n\t\t\t\t\t\t\t\t\t\t\t\t\t<span>+<\/span>\n\t\t\t\t\t\t\t\t\t\t\t\t\n\t\t\t\t\t\t<!-- content -->\n\t\t\t\t\t\t\t\t\t\t\t\t\t<h4>Awards <\/h4>\t\t\n\t\t\t\t\t\t\t\t\t\t\t\n\t\t\t\t\t<\/div>\n\t\t\t\t<\/div>\n\t\t\t\t\n\t\t\t<\/div> <!-- counter part -->\t\t\n\t\t\n\t\t\t\t<\/div>\n\t\t\t\t<\/div>\n\t\t\t\t\t\t<\/div>\n\t\t\t\t\t<\/div>\n\t\t<\/div>\n\t\t\t\t\t\t\t\t<\/div>\n\t\t\t\t\t<\/div>\n\t\t<\/section>\n\t\t\t\t<section class=\"elementor-section elementor-top-section elementor-element elementor-element-c5dcd24 elementor-section-boxed elementor-section-height-default elementor-section-height-default\" data-id=\"c5dcd24\" data-element_type=\"section\">\n\t\t\t\t\t\t<div class=\"elementor-container elementor-column-gap-default\">\n\t\t\t\t\t\t\t<div class=\"elementor-row\">\n\t\t\t\t\t<div class=\"elementor-column elementor-col-50 elementor-top-column elementor-element elementor-element-9c697d0\" data-id=\"9c697d0\" data-element_type=\"column\">\n\t\t\t<div class=\"elementor-column-wrap elementor-element-populated\">\n\t\t\t\t\t\t\t<div class=\"elementor-widget-wrap\">\n\t\t\t\t\t\t<div class=\"elementor-element elementor-element-0f5ca16 elementor-invisible elementor-widget elementor-widget-text-editor\" data-id=\"0f5ca16\" data-element_type=\"widget\" data-settings=\"{&quot;_animation&quot;:&quot;fadeInLeft&quot;}\" data-widget_type=\"text-editor.default\">\n\t\t\t\t<div class=\"elementor-widget-container\">\n\t\t\t\t\t<div class=\"elementor-text-editor elementor-clearfix\"><h1>Vision<\/h1><p>Be prevalent in the business of distribution, through rigor, efficiency and quality.<\/p><p>Achieving customer satisfaction by providing excellent service, responding quickly to customer demands.<\/p><\/div>\n\t\t\t\t<\/div>\n\t\t\t\t<\/div>\n\t\t\t\t\t\t<\/div>\n\t\t\t\t\t<\/div>\n\t\t<\/div>\n\t\t\t\t<div class=\"elementor-column elementor-col-50 elementor-top-column elementor-element elementor-element-dca5e63\" data-id=\"dca5e63\" data-element_type=\"column\">\n\t\t\t<div class=\"elementor-column-wrap elementor-element-populated\">\n\t\t\t\t\t\t\t<div class=\"elementor-widget-wrap\">\n\t\t\t\t\t\t<div class=\"elementor-element elementor-element-8d97879 elementor-invisible elementor-widget elementor-widget-image\" data-id=\"8d97879\" data-element_type=\"widget\" data-settings=\"{&quot;_animation&quot;:&quot;fadeInRight&quot;}\" data-widget_type=\"image.default\">\n\t\t\t\t<div class=\"elementor-widget-container\">\n\t\t\t\t\t<div class=\"elementor-image\">\n\t\t\t\t\t\t\t\t\t\t<img width=\"1024\" height=\"682\" src=\"https:\/\/iberoriente.pt\/wp-content\/uploads\/2020\/09\/empresa-visao-1024x682.jpg\" class=\"attachment-large size-large\" alt=\"\" loading=\"lazy\" srcset=\"https:\/\/iberoriente.pt\/wp-content\/uploads\/2020\/09\/empresa-visao-1024x682.jpg 1024w, https:\/\/iberoriente.pt\/wp-content\/uploads\/2020\/09\/empresa-visao-300x200.jpg 300w, https:\/\/iberoriente.pt\/wp-content\/uploads\/2020\/09\/empresa-visao-768x512.jpg 768w, https:\/\/iberoriente.pt\/wp-content\/uploads\/2020\/09\/empresa-visao.jpg 1280w\" sizes=\"(max-width: 1024px) 100vw, 1024px\" \/>\t\t\t\t\t\t\t\t\t\t\t<\/div>\n\t\t\t\t<\/div>\n\t\t\t\t<\/div>\n\t\t\t\t\t\t<\/div>\n\t\t\t\t\t<\/div>\n\t\t<\/div>\n\t\t\t\t\t\t\t\t<\/div>\n\t\t\t\t\t<\/div>\n\t\t<\/section>\n\t\t\t\t<section class=\"elementor-section elementor-top-section elementor-element elementor-element-5b130ad elementor-section-boxed elementor-section-height-default elementor-section-height-default\" data-id=\"5b130ad\" data-element_type=\"section\">\n\t\t\t\t\t\t<div class=\"elementor-container elementor-column-gap-default\">\n\t\t\t\t\t\t\t<div class=\"elementor-row\">\n\t\t\t\t\t<div class=\"elementor-column elementor-col-50 elementor-top-column elementor-element elementor-element-0b5277e\" data-id=\"0b5277e\" data-element_type=\"column\">\n\t\t\t<div class=\"elementor-column-wrap elementor-element-populated\">\n\t\t\t\t\t\t\t<div class=\"elementor-widget-wrap\">\n\t\t\t\t\t\t<div class=\"elementor-element elementor-element-dab34ad elementor-invisible elementor-widget elementor-widget-image\" data-id=\"dab34ad\" data-element_type=\"widget\" data-settings=\"{&quot;_animation&quot;:&quot;fadeInLeft&quot;}\" data-widget_type=\"image.default\">\n\t\t\t\t<div class=\"elementor-widget-container\">\n\t\t\t\t\t<div class=\"elementor-image\">\n\t\t\t\t\t\t\t\t\t\t<img width=\"1024\" height=\"646\" src=\"https:\/\/iberoriente.pt\/wp-content\/uploads\/2020\/09\/empresa-missao-1024x646.jpg\" class=\"attachment-large size-large\" alt=\"\" loading=\"lazy\" srcset=\"https:\/\/iberoriente.pt\/wp-content\/uploads\/2020\/09\/empresa-missao-1024x646.jpg 1024w, https:\/\/iberoriente.pt\/wp-content\/uploads\/2020\/09\/empresa-missao-300x189.jpg 300w, https:\/\/iberoriente.pt\/wp-content\/uploads\/2020\/09\/empresa-missao-768x484.jpg 768w, https:\/\/iberoriente.pt\/wp-content\/uploads\/2020\/09\/empresa-missao.jpg 1280w\" sizes=\"(max-width: 1024px) 100vw, 1024px\" \/>\t\t\t\t\t\t\t\t\t\t\t<\/div>\n\t\t\t\t<\/div>\n\t\t\t\t<\/div>\n\t\t\t\t\t\t<\/div>\n\t\t\t\t\t<\/div>\n\t\t<\/div>\n\t\t\t\t<div class=\"elementor-column elementor-col-50 elementor-top-column elementor-element elementor-element-a37495e\" data-id=\"a37495e\" data-element_type=\"column\">\n\t\t\t<div class=\"elementor-column-wrap elementor-element-populated\">\n\t\t\t\t\t\t\t<div class=\"elementor-widget-wrap\">\n\t\t\t\t\t\t<div class=\"elementor-element elementor-element-becc7e2 elementor-invisible elementor-widget elementor-widget-text-editor\" data-id=\"becc7e2\" data-element_type=\"widget\" data-settings=\"{&quot;_animation&quot;:&quot;fadeInRight&quot;}\" data-widget_type=\"text-editor.default\">\n\t\t\t\t<div class=\"elementor-widget-container\">\n\t\t\t\t\t<div class=\"elementor-text-editor elementor-clearfix\"><h1>Mission<\/h1><p>Foster good relationships between suppliers, the company and the customer, with a view to continuously improving the supply chain.<\/p><p>In order to supply the different markets in which it operates in a timely manner, with high quality products at the most competitive prices.<\/p><\/div>\n\t\t\t\t<\/div>\n\t\t\t\t<\/div>\n\t\t\t\t\t\t<\/div>\n\t\t\t\t\t<\/div>\n\t\t<\/div>\n\t\t\t\t\t\t\t\t<\/div>\n\t\t\t\t\t<\/div>\n\t\t<\/section>\n\t\t\t\t\t\t<\/div>\n\t\t\t\t\t\t<\/div>\n\t\t\t\t\t<\/div>","protected":false},"excerpt":{"rendered":"<p>Quem Somos Fundada em 2001, a Iberoriente, Lda. \u00e9 uma empresa de distribui\u00e7\u00e3o de produtos de elevada qualidade \u2013 de higiene pessoal e dom\u00e9stico, alimentar, entre outros \u2013 que actua no mercado portugu\u00eas. A empresa \u00e9 constitu\u00edda pelos membros da fam\u00edlia, estando j\u00e1 dentro do ramo do com\u00e9rcio h\u00e1 mais de 21 anos, em Portugal. [&hellip;]<\/p>","protected":false},"author":1,"featured_media":0,"parent":0,"menu_order":0,"comment_status":"closed","ping_status":"closed","template":"template-home.php","meta":[],"_links":{"self":[{"href":"https:\/\/iberoriente.pt\/en\/wp-json\/wp\/v2\/pages\/876"}],"collection":[{"href":"https:\/\/iberoriente.pt\/en\/wp-json\/wp\/v2\/pages"}],"about":[{"href":"https:\/\/iberoriente.pt\/en\/wp-json\/wp\/v2\/types\/page"}],"author":[{"embeddable":true,"href":"https:\/\/iberoriente.pt\/en\/wp-json\/wp\/v2\/users\/1"}],"replies":[{"embeddable":true,"href":"https:\/\/iberoriente.pt\/en\/wp-json\/wp\/v2\/comments?post=876"}],"version-history":[{"count":15,"href":"https:\/\/iberoriente.pt\/en\/wp-json\/wp\/v2\/pages\/876\/revisions"}],"predecessor-version":[{"id":3979,"href":"https:\/\/iberoriente.pt\/en\/wp-json\/wp\/v2\/pages\/876\/revisions\/3979"}],"wp:attachment":[{"href":"https:\/\/iberoriente.pt\/en\/wp-json\/wp\/v2\/media?parent=876"}],"curies":[{"name":"wp","href":"https:\/\/api.w.org\/{rel}","templated":true}]}}